{"id":36,"date":"2016-05-09T03:03:01","date_gmt":"2016-05-09T01:03:01","guid":{"rendered":"http:\/\/praworodzinne.co.uk\/prawo-rodzinne\/?page_id=36"},"modified":"2022-04-29T12:31:36","modified_gmt":"2022-04-29T10:31:36","slug":"kompedium-wiedzy","status":"publish","type":"page","link":"https:\/\/praworodzinne.co.uk\/prawo-rodzinne\/kompedium-wiedzy\/","title":{"rendered":"Kompedium wiedzy"},"content":{"rendered":"<\/p>\n<p><span style=\"color: #717275; font-size: 18px;\"><span style=\"font-family: Calibri, sans-serif;\">Nasze internetowe kompendium wiedzy mo\u017ce pomoc znale\u017a\u0107 odpowiedz na nurtuj\u0105ce Ciebie pytanie.\u00a0<\/span><\/span><\/p>\n<\/p>\n<p><span style=\"font-size: 18px;\"><strong><span style=\"color: #717275;\"><span style=\"font-family: Calibri, sans-serif;\"><b>Je\u017celi nie znalaz\u0142e\u015b odpowiedzi skontaktuj si\u0119 z nami.\u00a0<\/b><\/span><\/span><\/strong><\/span><\/p>\n<\/p>\n<p><span style=\"color: #717275; font-size: 18px;\"><span style=\"font-family: Calibri, sans-serif;\">W naszym kompedium wiedzy znajduja sie nastepujace tematy:<\/span><\/span><\/p>\n<\/p>\n<ul>\n<li>\n<p><span style=\"font-size: 18px;\"><a href=\"http:\/\/praworodzinne.co.uk\/prawo-rodzinne\/witaj-swiecie-3\/\"><span style=\"color: #4cb7e3;\"><span style=\"font-family: Calibri, sans-serif;\"><u>Jak przebiega procedura rozwodowa w Anglii i Walii?<\/u><\/span><\/span><\/a><\/span><\/p>\n<\/li>\n<li>\n<p><span style=\"font-size: 18px;\"><a href=\"http:\/\/praworodzinne.co.uk\/prawo-rodzinne\/witaj-swiecie-6\/\"><span style=\"color: #4cb7e3;\"><span style=\"font-family: Calibri, sans-serif;\"><u>Na jakiej podstawie mog\u0119 si\u0119 rozwie\u015b\u0107?<\/u><\/span><\/span><\/a><\/span><\/p>\n<\/li>\n<li>\n<p><span style=\"font-size: 18px;\"><a href=\"http:\/\/praworodzinne.co.uk\/prawo-rodzinne\/witaj-swiecie-9\/\"><span style=\"color: #4cb7e3;\"><span style=\"font-family: Calibri, sans-serif;\"><u>Jak d\u0142ugo trwa standardowa procedura rozwodowa?<\/u><\/span><\/span><\/a><\/span><\/p>\n<\/li>\n<li>\n<p><span style=\"font-size: 18px;\"><a href=\"http:\/\/praworodzinne.co.uk\/prawo-rodzinne\/witaj-swiecie-12\/\"><span style=\"color: #4cb7e3;\"><span style=\"font-family: Calibri, sans-serif;\"><u>Podstawy rozwodu w Anglii i Walii<\/u><\/span><\/span><\/a><\/span><\/p>\n<\/li>\n<li>\n<p><span style=\"font-size: 18px;\"><a href=\"http:\/\/praworodzinne.co.uk\/prawo-rodzinne\/pomoc-prawna-w-sprawach-rozwodowych-jak-o-nia-wystapic\/\"><span style=\"color: #4cb7e3;\"><span style=\"font-family: Calibri, sans-serif;\"><u>Bezplatna pomoc prawna w sprawach rozwodowych \u2013 jak o ni\u0105 wyst\u0105pi\u0107?<\/u><\/span><\/span><\/a><\/span><\/p>\n<\/li>\n<li>\n<p><span style=\"font-size: 18px;\"><a href=\"http:\/\/praworodzinne.co.uk\/prawo-rodzinne\/mediacja-w-sprawach-z-zakresu-prawa-rodzinnego-w-uk\/\"><span style=\"color: #4cb7e3;\"><span style=\"font-family: Calibri, sans-serif;\"><u>Mediacja\u00a0w sprawach z zakresu prawa rodzinnego w UK<\/u><\/span><\/span><\/a><\/span><\/p>\n<\/li>\n<li>\n<p><span style=\"font-size: 18px;\"><a href=\"http:\/\/praworodzinne.co.uk\/prawo-rodzinne\/dom-a-proces-rozwodowy-w-uk\/\"><span style=\"color: #4cb7e3;\"><span style=\"font-family: Calibri, sans-serif;\"><u>Dom, a proces rozwodowy w UK<\/u><\/span><\/span><\/a><\/span><\/p>\n<\/li>\n<li>\n<p><span style=\"font-size: 18px;\"><a href=\"http:\/\/praworodzinne.co.uk\/prawo-rodzinne\/orzeczenie-o-zamieszkaniu-occupation-order-w-uk\/\"><span style=\"color: #4cb7e3;\"><span style=\"font-family: Calibri, sans-serif;\"><u>Orzeczenie o Zamieszkaniu \u2013 Occupation Order w UK<\/u><\/span><\/span><\/a><\/span><\/p>\n<\/li>\n<li>\n<p><span style=\"font-size: 18px;\"><a href=\"http:\/\/praworodzinne.co.uk\/prawo-rodzinne\/jestem-wlascicielem-lokatorem-i-moj-zwiazek-sie-rozpada-czy-moge-zatrzymac-dom-w-uk\/\"><span style=\"color: #4cb7e3;\"><span style=\"font-family: Calibri, sans-serif;\"><u>Jestem w\u0142a\u015bcicielem \u2013 lokatorem i m\u00f3j zwi\u0105zek si\u0119 rozpada. Czy mog\u0119 zatrzyma\u0107 dom w UK?<\/u><\/span><\/span><\/a><\/span><\/p>\n<\/li>\n<li>\n<p><span style=\"font-size: 18px;\"><a href=\"http:\/\/praworodzinne.co.uk\/prawo-rodzinne\/rozwazam-odejscie-od-mojego-partnera-ze-wzgledu-na-stosowana-przez-niego-przemoc-domowa-czy-moge-zatrzymac-dom-w-uk\/\"><span style=\"color: #4cb7e3;\"><span style=\"font-family: Calibri, sans-serif;\"><u>Rozwa\u017cam odej\u015bcie od mojego partnera ze wzgl\u0119du na stosowan\u0105 przez niego przemoc domow\u0105. Czy mog\u0119 zatrzyma\u0107 dom w UK?<\/u><\/span><\/span><\/a><\/span><\/p>\n<\/li>\n<li>\n<p><span style=\"font-size: 18px;\"><a href=\"http:\/\/praworodzinne.co.uk\/prawo-rodzinne\/zasilki-po-rozwodzie-w-uk-poradnik-dla-samotnych-rodzicow\/\"><span style=\"color: #4cb7e3;\"><span style=\"font-family: Calibri, sans-serif;\"><u>Zasi\u0142ki po rozwodzie w UK \u2013 poradnik dla samotnych rodzic\u00f3w<\/u><\/span><\/span><\/a><\/span><\/p>\n<\/li>\n<li>\n<p><span style=\"font-size: 18px;\"><a href=\"http:\/\/praworodzinne.co.uk\/prawo-rodzinne\/jak-sie-reprezentowac-w-czasie-procedury-rozwodowej-w-uk\/\"><span style=\"color: #4cb7e3;\"><span style=\"font-family: Calibri, sans-serif;\"><u>Jak si\u0119 reprezentowa\u0107 w czasie procedury rozwodowej w UK<\/u><\/span><\/span><\/a><\/span><\/p>\n<\/li>\n<li>\n<p><span style=\"font-size: 18px;\"><a href=\"http:\/\/praworodzinne.co.uk\/prawo-rodzinne\/mckenzie-friends-w-uk\/\"><span style=\"color: #4cb7e3;\"><span style=\"font-family: Calibri, sans-serif;\"><u>McKenzie friends w UK<\/u><\/span><\/span><\/a><\/span><\/p>\n<\/li>\n<li>\n<p><span style=\"font-size: 18px;\"><a href=\"http:\/\/praworodzinne.co.uk\/prawo-rodzinne\/prawna-separacja-w-uk\/\"><span style=\"color: #4cb7e3;\"><span style=\"font-family: Calibri, sans-serif;\"><u>Prawna separacja w UK<\/u><\/span><\/span><\/a><\/span><\/p>\n<\/li>\n<li>\n<p><span style=\"font-size: 18px;\"><a href=\"http:\/\/praworodzinne.co.uk\/prawo-rodzinne\/umowa-o-separacji-w-uk\/\"><span style=\"color: #4cb7e3;\"><span style=\"font-family: Calibri, sans-serif;\"><u>Umowa o separacji w UK<\/u><\/span><\/span><\/a><\/span><\/p>\n<\/li>\n<li>\n<p><span style=\"font-size: 18px;\"><a href=\"http:\/\/praworodzinne.co.uk\/prawo-rodzinne\/uniewaznienie-malzenstwa-w-uk\/\"><span style=\"color: #4cb7e3;\"><span style=\"font-family: Calibri, sans-serif;\"><u>Uniewa\u017cnienie ma\u0142\u017ce\u0144stwa w UK<\/u><\/span><\/span><\/a><\/span><\/p>\n<\/li>\n<li>\n<p><span style=\"font-size: 18px;\"><a href=\"http:\/\/praworodzinne.co.uk\/prawo-rodzinne\/separacja-sadowa-w-uk\/\"><span style=\"color: #4cb7e3;\"><span style=\"font-family: Calibri, sans-serif;\"><u>Separacja s\u0105dowa w UK<\/u><\/span><\/span><\/a><\/span><\/p>\n<\/li>\n<li>\n<p><span style=\"font-size: 18px;\"><a href=\"http:\/\/praworodzinne.co.uk\/prawo-rodzinne\/rozwod-za-porozumieniem-stron-w-anglii-i-walii\/\"><span style=\"color: #4cb7e3;\"><span style=\"font-family: Calibri, sans-serif;\">Rozw\u00f3d za porozumieniem stron w Anglii i Walii?<\/span><\/span><\/a><\/span><\/p>\n<\/li>\n<li>\n<p><span style=\"font-size: 18px;\"><a href=\"http:\/\/praworodzinne.co.uk\/prawo-rodzinne\/czym-jest-ugoda-majatkowa-w-uk-i-jak-ja-zawrzec\/\"><span style=\"color: #4cb7e3;\"><span style=\"font-family: Calibri, sans-serif;\"><u>Czym jest ugoda maj\u0105tkowa w UK i jak j\u0105 zawrze\u0107?<\/u><\/span><\/span><\/a><\/span><\/p>\n<\/li>\n<\/ul>\n","protected":false},"excerpt":{"rendered":"<p>Nasze internetowe kompendium wiedzy mo\u017ce pomoc znale\u017a\u0107 odpowiedz na nurtuj\u0105ce Ciebie pytanie.\u00a0 Je\u017celi nie znalaz\u0142e\u015b odpowiedzi skontaktuj si\u0119 z nami.\u00a0 W naszym kompedium wiedzy znajduja sie nastepujace tematy: Jak przebiega procedura rozwodowa w Anglii i Walii? Na jakiej podstawie mog\u0119 si\u0119 rozwie\u015b\u0107? Jak d\u0142ugo trwa standardowa procedura rozwodowa? Podstawy rozwodu w Anglii i Walii Bezplatna [&hellip;]<\/p>\n","protected":false},"author":1,"featured_media":0,"parent":0,"menu_order":0,"comment_status":"open","ping_status":"closed","template":"","meta":{"footnotes":""},"_links":{"self":[{"href":"https:\/\/praworodzinne.co.uk\/prawo-rodzinne\/wp-json\/wp\/v2\/pages\/36"}],"collection":[{"href":"https:\/\/praworodzinne.co.uk\/prawo-rodzinne\/wp-json\/wp\/v2\/pages"}],"about":[{"href":"https:\/\/praworodzinne.co.uk\/prawo-rodzinne\/wp-json\/wp\/v2\/types\/page"}],"author":[{"embeddable":true,"href":"https:\/\/praworodzinne.co.uk\/prawo-rodzinne\/wp-json\/wp\/v2\/users\/1"}],"replies":[{"embeddable":true,"href":"https:\/\/praworodzinne.co.uk\/prawo-rodzinne\/wp-json\/wp\/v2\/comments?post=36"}],"version-history":[{"count":8,"href":"https:\/\/praworodzinne.co.uk\/prawo-rodzinne\/wp-json\/wp\/v2\/pages\/36\/revisions"}],"predecessor-version":[{"id":379,"href":"https:\/\/praworodzinne.co.uk\/prawo-rodzinne\/wp-json\/wp\/v2\/pages\/36\/revisions\/379"}],"wp:attachment":[{"href":"https:\/\/praworodzinne.co.uk\/prawo-rodzinne\/wp-json\/wp\/v2\/media?parent=36"}],"curies":[{"name":"wp","href":"https:\/\/api.w.org\/{rel}","templated":true}]}}