{"id":34,"date":"2016-05-09T03:02:59","date_gmt":"2016-05-09T01:02:59","guid":{"rendered":"http:\/\/praworodzinne.co.uk\/prawo-rodzinne\/?page_id=34"},"modified":"2022-04-29T12:45:38","modified_gmt":"2022-04-29T10:45:38","slug":"dodatkowe-uslugi-prawa-rodzinnego","status":"publish","type":"page","link":"https:\/\/praworodzinne.co.uk\/prawo-rodzinne\/dodatkowe-uslugi-prawa-rodzinnego\/","title":{"rendered":"Dodatkowe us\u0142ugi prawa rodzinnego"},"content":{"rendered":"<\/p>\n<p><span style=\"font-family: Calibri, sans-serif;\"><span style=\"font-size: large;\"><em><span style=\"color: #717275;\"><span lang=\"pl-PL\">Je\u017celi potrzebuj\u0105 Pa\u0144stwo porady z zakresu prawa rodzinnego w Anglii i Walii <\/span><\/span><\/em><\/span><\/span><\/p>\n<p><span style=\"font-family: Calibri, sans-serif;\"><span style=\"font-size: large;\"><em><span style=\"color: #717275;\"><span lang=\"pl-PL\">w tym rozwodu, separacji w\u0142adzy rodzicielskiej, aliment\u00f3w, kontakt\u00f3w z dzieckiem, uprowadzenia dziecka, podzia\u0142u maj\u0105tku itp.<\/span><\/span><\/em><\/span><\/span><\/p>\n<\/p>\n<p><strong><span style=\"color: #717275;\"><span style=\"font-family: Calibri, sans-serif;\"><span style=\"font-size: large;\"><b>Zapraszamy do kontaktu z nami w celu darmowej wstepnej 15 min konsultacji.<\/b><\/span><\/span><\/span><\/strong><\/p>\n<p><span style=\"color: #717275;\"><span style=\"font-family: Calibri, sans-serif;\"><span style=\"font-size: large;\"><br \/>\n<\/span><\/span><\/span><strong><span style=\"color: #717275;\"><span style=\"font-family: Calibri, sans-serif;\"><span style=\"font-size: large;\">Z powodzeniem doradzamy w zakresie<\/span><\/span><\/span><\/strong><strong><span style=\"color: #717275;\"><span style=\"font-family: Calibri, sans-serif;\"><span style=\"font-size: large;\"><b>:<\/b><\/span><\/span><\/span><\/strong><\/p>\n<ul>\n<li>\n<p><a href=\"http:\/\/praworodzinne.co.uk\/prawo-rodzinne\/witaj-swiecie-7\/\"><span style=\"color: #676767;\"><span style=\"font-family: Calibri, sans-serif;\"><span style=\"font-size: large;\">sprawy rozwodowe wszczete w Anglii i Walii przed dniem 6 kwietnia 2022 roku;<\/span><\/span><\/span><\/a><\/p>\n<\/li>\n<li>sprawy rozwodowe wszczete w Anglii i Walii od dnia 6 kwietnia 2022 roku;<\/li>\n<li>\n<p><a href=\"http:\/\/praworodzinne.co.uk\/prawo-rodzinne\/witaj-swiecie-7\/\"><span style=\"color: #676767;\"><span style=\"font-family: Calibri, sans-serif;\"><span style=\"font-size: large;\">Jak sedzia podzieli wasz majatek w trakcie rozwodu (majatek na terenie Anglii i Walii czy w Polsce), o ile nie dojdziecie dobrowolnie do porozumienia;<\/span><\/span><\/span><\/a><\/p>\n<\/li>\n<li>\n<p><a href=\"http:\/\/praworodzinne.co.uk\/prawo-rodzinne\/witaj-swiecie-7\/\"><span style=\"color: #676767;\"><span style=\"font-family: Calibri, sans-serif;\"><span style=\"font-size: large;\">Consent Order z Clean Break Order &#8211; Ugoda majatkowa w trakcie rozwodu;<\/span><\/span><\/span><\/a><\/p>\n<\/li>\n<li>\n<p><a href=\"http:\/\/praworodzinne.co.uk\/prawo-rodzinne\/witaj-swiecie-7\/\"><span style=\"color: #676767;\"><span style=\"font-family: Calibri, sans-serif;\"><span style=\"font-size: large;\">Uzyskanie polskiego paszportu dla dziecka bez zgody &#8211; obecnosci drugiego rodzica<\/span><\/span><\/span><\/a>;<\/p>\n<\/li>\n<li>\n<p><a href=\"http:\/\/praworodzinne.co.uk\/prawo-rodzinne\/witaj-swiecie-10\/\"><span style=\"color: #676767;\"><span style=\"font-family: Calibri, sans-serif;\"><span style=\"font-size: large;\">Parental responsibility agreement &#8211; ugoda rodzicielska\u00a0<\/span><\/span><\/span><\/a><\/p>\n<\/li>\n<li>Consent Order w sprawach rodzicielskich &#8211; ugoda rodzicielska zaakceptowana przez sad w formie wyroku sadu angielskiego;<\/li>\n<li>\n<p><a href=\"http:\/\/praworodzinne.co.uk\/prawo-rodzinne\/ustalenie-opieki-nad-dziecmi\/\"><span style=\"color: #676767;\"><span style=\"font-family: Calibri, sans-serif;\"><span style=\"font-size: large;\">Prohibited steps order &#8211; wyrok zakazujacy drugiemu rodzicowi jakis dzialan np.: wywozenia za granice dziecka bez zgody drugiego rodzica, zmiane szkoly, czy miejsca zamieszkania na terenie UK.<\/span><\/span><\/span><\/a><\/p>\n<\/li>\n<li><a href=\"http:\/\/praworodzinne.co.uk\/prawo-rodzinne\/specific-issue-orders\/\"><span style=\"color: #676767;\"><span style=\"font-family: Calibri, sans-serif;\"><span style=\"font-size: large;\">Specific Issue Order &#8211; wyrok nakazujacy drugiemu rodzicowi konkretne dzialania wobec dziecka np nakazujacy uczeszczanie dziecka na nauki przed Pierwsza Komunia Swieta dziecka, wybor konkretnej szkoly dla dziecka, itp.<\/span><\/span><\/span><\/a><\/li>\n<li><a href=\"http:\/\/praworodzinne.co.uk\/prawo-rodzinne\/witaj-swiecie-4\/\"><span style=\"color: #676767;\"><span style=\"font-family: Calibri, sans-serif;\"><span style=\"font-size: large;\">Umowa o separacji w UK<\/span><\/span><\/span><\/a><\/li>\n<li>\n<p><a href=\"http:\/\/praworodzinne.co.uk\/prawo-rodzinne\/alimenty\/\"><span style=\"color: #676767;\"><span style=\"font-family: Calibri, sans-serif;\"><span style=\"font-size: large;\">Cohabitation agreement<\/span><\/span><\/span><\/a><\/p>\n<\/p>\n<\/li>\n<\/ul>\n","protected":false},"excerpt":{"rendered":"<p>Je\u017celi potrzebuj\u0105 Pa\u0144stwo porady z zakresu prawa rodzinnego w Anglii i Walii w tym rozwodu, separacji w\u0142adzy rodzicielskiej, aliment\u00f3w, kontakt\u00f3w z dzieckiem, uprowadzenia dziecka, podzia\u0142u maj\u0105tku itp. Zapraszamy do kontaktu z nami w celu darmowej wstepnej 15 min konsultacji. Z powodzeniem doradzamy w zakresie: sprawy rozwodowe wszczete w Anglii i Walii przed dniem 6 kwietnia [&hellip;]<\/p>\n","protected":false},"author":1,"featured_media":0,"parent":0,"menu_order":0,"comment_status":"open","ping_status":"closed","template":"","meta":{"footnotes":""},"_links":{"self":[{"href":"https:\/\/praworodzinne.co.uk\/prawo-rodzinne\/wp-json\/wp\/v2\/pages\/34"}],"collection":[{"href":"https:\/\/praworodzinne.co.uk\/prawo-rodzinne\/wp-json\/wp\/v2\/pages"}],"about":[{"href":"https:\/\/praworodzinne.co.uk\/prawo-rodzinne\/wp-json\/wp\/v2\/types\/page"}],"author":[{"embeddable":true,"href":"https:\/\/praworodzinne.co.uk\/prawo-rodzinne\/wp-json\/wp\/v2\/users\/1"}],"replies":[{"embeddable":true,"href":"https:\/\/praworodzinne.co.uk\/prawo-rodzinne\/wp-json\/wp\/v2\/comments?post=34"}],"version-history":[{"count":8,"href":"https:\/\/praworodzinne.co.uk\/prawo-rodzinne\/wp-json\/wp\/v2\/pages\/34\/revisions"}],"predecessor-version":[{"id":381,"href":"https:\/\/praworodzinne.co.uk\/prawo-rodzinne\/wp-json\/wp\/v2\/pages\/34\/revisions\/381"}],"wp:attachment":[{"href":"https:\/\/praworodzinne.co.uk\/prawo-rodzinne\/wp-json\/wp\/v2\/media?parent=34"}],"curies":[{"name":"wp","href":"https:\/\/api.w.org\/{rel}","templated":true}]}}