{"id":2,"date":"2016-05-08T21:36:40","date_gmt":"2016-05-08T21:36:40","guid":{"rendered":"http:\/\/praworodzinne.co.uk\/prawo-rodzinne\/?page_id=2"},"modified":"2022-04-29T12:29:50","modified_gmt":"2022-04-29T10:29:50","slug":"przykladowa-strona","status":"publish","type":"page","link":"https:\/\/praworodzinne.co.uk\/prawo-rodzinne\/przykladowa-strona\/","title":{"rendered":"Jak pomagamy"},"content":{"rendered":"<p><span style=\"font-size: 16px;\"><span style=\"font-family: 'Open Sans', Arial;\"><span lang=\"pl-PL\">Serwis www.praworodzinne.co.uk \u015bwiadczy uslugi w zakresie prawa rodzinnego na terenie Anglii i Walii, a takze Polski, profesjonalnie i w atrakcyjnej cenie. Dzi\u0119ki temu klient mo\u017ce rozpocz\u0105\u0107<\/span><\/span><strong><span style=\"font-family: 'Open Sans', Arial;\"><span lang=\"pl-PL\">\u00a0<\/span><\/span><\/strong><strong><span style=\"font-family: 'Open Sans', Arial;\"><span lang=\"pl-PL\"><b>&#8221;nowe \u017cycie&#8221;<\/b><\/span><\/span><\/strong><span style=\"font-family: 'Open Sans', Arial;\"><span lang=\"pl-PL\"> bez martwienia si\u0119 o aspekty prawne i wysokie op\u0142aty prawnicze.<\/span><\/span><\/span><\/p>\n<\/p>\n<p lang=\"pl-PL\"><span style=\"color: #717275; font-size: 16px;\"><span style=\"font-family: 'Open Sans', Arial;\">Oferujemy pomoc dla polskich klient\u00f3w na terenie Anglii i Walii<\/span><\/span><\/p>\n<p lang=\"pl-PL\"><span style=\"color: #717275; font-size: 16px;\"><span style=\"font-family: 'Open Sans', Arial;\">Nasza pomoc odbywa si\u0119 g\u0142\u00f3wne poprzez rozmowy telefoniczne i konsultacje online (wideokonferencje) dzi\u0119ki temu mo\u017cemy oferowa\u0107 tak przyst\u0119pne ceny za nasze us\u0142ugi.<\/span><\/span><\/p>\n<p lang=\"pl-PL\">\n<p lang=\"pl-PL\"><span style=\"color: #717275; font-size: 16px;\"><span style=\"font-family: 'Open Sans', Arial;\">Ka\u017cdy klient, kt\u00f3ry si\u0119 z nami skontaktuje otrzyma <strong>wst\u0119pn\u0105 bezp\u0142atn\u0105 15 minutow\u0105 konsultacje<\/strong>. Konsultacja nie jest zobowi\u0105zuj\u0105ca do korzystania z naszych us\u0142ug.<\/span><\/span><\/p>\n<p lang=\"pl-PL\">\n<p lang=\"pl-PL\"><span style=\"color: #717275; font-size: 16px;\"><span style=\"font-family: 'Open Sans', Arial;\">Wszyscy nasi doradcy i eksperci posiadaj\u0105 odpowiedni\u0105 wiedz\u0119 i do\u015bwiadczenie wyniesione z pracy w angielskich kancelariach prawnych. Wi\u0119kszo\u015b\u0107 z nich pracuje na co dzie\u0144 w kancelariach adwokackich jako prawnicy, adwokaci, mediatorzy, asystenci adwokat\u00f3w.<\/span><\/span><\/p>\n<p>ZAPRASZAMY DO WSPOLPRACY &#8211; Tel: 07852755995<\/p>\n","protected":false},"excerpt":{"rendered":"<p>Serwis www.praworodzinne.co.uk \u015bwiadczy uslugi w zakresie prawa rodzinnego na terenie Anglii i Walii, a takze Polski, profesjonalnie i w atrakcyjnej cenie. Dzi\u0119ki temu klient mo\u017ce rozpocz\u0105\u0107\u00a0&#8221;nowe \u017cycie&#8221; bez martwienia si\u0119 o aspekty prawne i wysokie op\u0142aty prawnicze. Oferujemy pomoc dla polskich klient\u00f3w na terenie Anglii i Walii Nasza pomoc odbywa si\u0119 g\u0142\u00f3wne poprzez rozmowy telefoniczne [&hellip;]<\/p>\n","protected":false},"author":1,"featured_media":0,"parent":0,"menu_order":0,"comment_status":"open","ping_status":"open","template":"","meta":{"footnotes":""},"_links":{"self":[{"href":"https:\/\/praworodzinne.co.uk\/prawo-rodzinne\/wp-json\/wp\/v2\/pages\/2"}],"collection":[{"href":"https:\/\/praworodzinne.co.uk\/prawo-rodzinne\/wp-json\/wp\/v2\/pages"}],"about":[{"href":"https:\/\/praworodzinne.co.uk\/prawo-rodzinne\/wp-json\/wp\/v2\/types\/page"}],"author":[{"embeddable":true,"href":"https:\/\/praworodzinne.co.uk\/prawo-rodzinne\/wp-json\/wp\/v2\/users\/1"}],"replies":[{"embeddable":true,"href":"https:\/\/praworodzinne.co.uk\/prawo-rodzinne\/wp-json\/wp\/v2\/comments?post=2"}],"version-history":[{"count":12,"href":"https:\/\/praworodzinne.co.uk\/prawo-rodzinne\/wp-json\/wp\/v2\/pages\/2\/revisions"}],"predecessor-version":[{"id":378,"href":"https:\/\/praworodzinne.co.uk\/prawo-rodzinne\/wp-json\/wp\/v2\/pages\/2\/revisions\/378"}],"wp:attachment":[{"href":"https:\/\/praworodzinne.co.uk\/prawo-rodzinne\/wp-json\/wp\/v2\/media?parent=2"}],"curies":[{"name":"wp","href":"https:\/\/api.w.org\/{rel}","templated":true}]}}