{"id":109,"date":"2016-05-09T12:28:18","date_gmt":"2016-05-09T10:28:18","guid":{"rendered":"http:\/\/praworodzinne.co.uk\/prawo-rodzinne\/?page_id=109"},"modified":"2016-11-09T15:04:26","modified_gmt":"2016-11-09T14:04:26","slug":"kontakt","status":"publish","type":"page","link":"https:\/\/praworodzinne.co.uk\/prawo-rodzinne\/kontakt\/","title":{"rendered":"Kontakt"},"content":{"rendered":"<p>&nbsp;<\/p>\n<p>&nbsp;<\/p>\n<p><span style=\"color: #717275;\"><span style=\"font-family: Calibri, sans-serif;\"><span style=\"font-size: large;\"><span lang=\"pl-PL\">Nasza serwis daje dost\u0119p do profesjonalnej pomocy prawnej w znacz\u0105co ni\u017cszej cenie od tradycyjnych kancelarii. Nasi klienci p\u0142ac\u0105 tylko i wy\u0142\u0105cznie za wykonanie okre\u015blonej us\u0142ugi bez ukrytych koszt\u00f3w.<\/span><\/span><\/span><\/span><\/p>\n<p>&nbsp;<\/p>\n<p>&nbsp;<\/p>\n<p><span style=\"color: #717275; font-size: 18px;\"><span style=\"font-family: Calibri, sans-serif;\"><b><span lang=\"pl-PL\">Prosimy wys\u0142a\u0107 zapytanie z zakresu prawa rodzinnego.<\/span><\/b><\/span><\/span><\/p>\n<p lang=\"pl-PL\"><span style=\"color: #717275; font-size: 18px;\"><span style=\"font-family: Calibri, sans-serif;\"><u><b>\u017baden klient nie zostanie bez odpowiedzi.<\/b><\/u><\/span><\/span><\/p>\n<p>&nbsp;<\/p>\n<p>&nbsp;<\/p>\n<h2>Wy\u015blij wiadomo\u015b\u0107<\/h2>\n<div role=\"form\" class=\"wpcf7\" id=\"wpcf7-f4-o1\" lang=\"pl-PL\" dir=\"ltr\">\n<div class=\"screen-reader-response\"><p role=\"status\" aria-live=\"polite\" aria-atomic=\"true\"><\/p> <ul><\/ul><\/div>\n<form action=\"\/prawo-rodzinne\/wp-json\/wp\/v2\/pages\/109#wpcf7-f4-o1\" method=\"post\" class=\"wpcf7-form init\" novalidate=\"novalidate\" data-status=\"init\">\n<div style=\"display: none;\">\n<input type=\"hidden\" name=\"_wpcf7\" value=\"4\" \/>\n<input type=\"hidden\" name=\"_wpcf7_version\" value=\"5.3\" \/>\n<input type=\"hidden\" name=\"_wpcf7_locale\" value=\"pl_PL\" \/>\n<input type=\"hidden\" name=\"_wpcf7_unit_tag\" value=\"wpcf7-f4-o1\" \/>\n<input type=\"hidden\" name=\"_wpcf7_container_post\" value=\"0\" \/>\n<input type=\"hidden\" name=\"_wpcf7_posted_data_hash\" value=\"\" \/>\n<\/div>\n<p><span class=\"wpcf7-form-control-wrap your-name\"><input type=\"text\" name=\"your-name\" value=\"\" size=\"40\" class=\"wpcf7-form-control wpcf7-text wpcf7-validates-as-required\" aria-required=\"true\" aria-invalid=\"false\" placeholder=\"Imi\u0119 i Nazwisko (*)\" \/><\/span><br \/>\n<span class=\"wpcf7-form-control-wrap your-tel\"><input type=\"text\" name=\"your-tel\" value=\"\" size=\"40\" class=\"wpcf7-form-control wpcf7-text wpcf7-validates-as-required\" aria-required=\"true\" aria-invalid=\"false\" placeholder=\"Numer telefonu (*)\" \/><\/span><br \/>\n<span class=\"wpcf7-form-control-wrap your-email\"><input type=\"email\" name=\"your-email\" value=\"\" size=\"40\" class=\"wpcf7-form-control wpcf7-text wpcf7-email wpcf7-validates-as-required wpcf7-validates-as-email\" aria-required=\"true\" aria-invalid=\"false\" placeholder=\"Adres email (*)\" \/><\/span><br \/>\n<span class=\"wpcf7-form-control-wrap your-contact-methots\"><select name=\"your-contact-methots\" class=\"wpcf7-form-control wpcf7-select\" aria-invalid=\"false\"><option value=\"Wybierz preferowane godziny kontaktu\">Wybierz preferowane godziny kontaktu<\/option><option value=\"Jak najszybciej\">Jak najszybciej<\/option><option value=\"8:00 - 10:00\">8:00 - 10:00<\/option><option value=\"10:00 -12:00\">10:00 -12:00<\/option><option value=\"12:00 - 14:00\">12:00 - 14:00<\/option><option value=\"14:00 - 16:00\">14:00 - 16:00<\/option><option value=\"16:00 - 18:00\">16:00 - 18:00<\/option><option value=\"18:00 - 20:00\">18:00 - 20:00<\/option><\/select><\/span><br \/>\n<span class=\"wpcf7-form-control-wrap your-message\"><textarea name=\"your-message\" cols=\"40\" rows=\"10\" class=\"wpcf7-form-control wpcf7-textarea wpcf7-validates-as-required\" aria-required=\"true\" aria-invalid=\"false\" placeholder=\"Tre\u015b\u0107 wiadomo\u015bci (*)\"><\/textarea><\/span><br \/>\n<input type=\"submit\" value=\"Wy\u015blij zg\u0142oszenie\" class=\"wpcf7-form-control wpcf7-submit\" \/><\/p>\n<div class=\"wpcf7-response-output\" aria-hidden=\"true\"><\/div><\/form><\/div>\n<p>&nbsp;<\/p>\n<p>&nbsp;<\/p>\n<p>&nbsp;<\/p>\n<p>&nbsp;<\/p>\n<h2 style=\"text-align: center;\">\u00a0<\/h2>\n","protected":false},"excerpt":{"rendered":"<p>&nbsp; &nbsp; Nasza serwis daje dost\u0119p do profesjonalnej pomocy prawnej w znacz\u0105co ni\u017cszej cenie od tradycyjnych kancelarii. Nasi klienci p\u0142ac\u0105 tylko i wy\u0142\u0105cznie za wykonanie okre\u015blonej us\u0142ugi bez ukrytych koszt\u00f3w. &nbsp; &nbsp; Prosimy wys\u0142a\u0107 zapytanie z zakresu prawa rodzinnego. \u017baden klient nie zostanie bez odpowiedzi. &nbsp; &nbsp; Wy\u015blij wiadomo\u015b\u0107 &nbsp; &nbsp; &nbsp; &nbsp; \u00a0<\/p>\n","protected":false},"author":1,"featured_media":0,"parent":0,"menu_order":0,"comment_status":"closed","ping_status":"closed","template":"page-theme1.php","meta":{"footnotes":""},"_links":{"self":[{"href":"https:\/\/praworodzinne.co.uk\/prawo-rodzinne\/wp-json\/wp\/v2\/pages\/109"}],"collection":[{"href":"https:\/\/praworodzinne.co.uk\/prawo-rodzinne\/wp-json\/wp\/v2\/pages"}],"about":[{"href":"https:\/\/praworodzinne.co.uk\/prawo-rodzinne\/wp-json\/wp\/v2\/types\/page"}],"author":[{"embeddable":true,"href":"https:\/\/praworodzinne.co.uk\/prawo-rodzinne\/wp-json\/wp\/v2\/users\/1"}],"replies":[{"embeddable":true,"href":"https:\/\/praworodzinne.co.uk\/prawo-rodzinne\/wp-json\/wp\/v2\/comments?post=109"}],"version-history":[{"count":9,"href":"https:\/\/praworodzinne.co.uk\/prawo-rodzinne\/wp-json\/wp\/v2\/pages\/109\/revisions"}],"predecessor-version":[{"id":344,"href":"https:\/\/praworodzinne.co.uk\/prawo-rodzinne\/wp-json\/wp\/v2\/pages\/109\/revisions\/344"}],"wp:attachment":[{"href":"https:\/\/praworodzinne.co.uk\/prawo-rodzinne\/wp-json\/wp\/v2\/media?parent=109"}],"curies":[{"name":"wp","href":"https:\/\/api.w.org\/{rel}","templated":true}]}}